 
{"id":46788,"date":"2017-03-31T11:37:13","date_gmt":"2017-03-31T09:37:13","guid":{"rendered":"https:\/\/www.vpsolar.com\/prodotto\/mennekes-cavo-ricarica-modalita-2\/"},"modified":"2020-01-13T08:56:58","modified_gmt":"2020-01-13T07:56:58","slug":"mennekes-cavo-ricarica-modalita-2","status":"publish","type":"product","link":"https:\/\/www.vpsolar.com\/en\/product\/mennekes-cavo-ricarica-modalita-2\/","title":{"rendered":"MENNEKES: charging connector mode 2"},"content":{"rendered":"<p><strong>Design salvaspazio<\/strong>: la nuova forma permette la fuoriuscita dei cavi dal IC-CPD obliquamente cos\u00ec da riavvolgere facilmente i cavi e risparmiare spazio.<\/p>\n<p><strong>Resiste e robusto<\/strong>: involucro, spiana a muro e connettore di ricarica in materiali robusti che possono resistere al passaggio accidentale del veicolo con test di resistenza per carico ruota di 500 kg.<\/p>\n<p><strong>Autotest e identificazione errori<\/strong>: il sistema intelligente IC-CPD consente la ricarica solo dopo che tutti i parametri di funzionamento siano verificati come e non ci siano errori di cablaggio lato infrastruttura, errata messa a terra e danneggiamento rel\u00e8 interni segnalando le anomalie.<\/p>\n<p><strong>Regolazione della corrente massima<\/strong>: in modo semplice e intuitivo \u00e8 possibile regolare la massima corrente di ricarica su tre livelli 6 A, 8 A o 10 A cos\u00ec da adattarla al luogo di ricarica, valore che viene memorizzato automaticamente per futuri utilizzi.<\/p>\n<p><strong>Gestione della temperatura<\/strong>: il sistema IC-PID riduce o interrompe il processo di ricarica in base alla temperatura impedendone il surriscaldamento. Non appena le condizioni lo consentono il processo di ricarica viene ripristinato.<\/p>\n<p><strong>LED per stato di funzionamento<\/strong>: degli indicatori LED indicano chiaramente tutte le informazioni utili sullo stato di funzionamento.<\/p>\n","protected":false},"excerpt":{"rendered":"<p>I veicoli elettrici vengono ricaricati normalmente in <strong>modalit\u00e0 3<\/strong>, poich\u00e9 questa \u00e8 la modalit\u00e0 di ricarica pi\u00f9 sicura.<\/p>\n<p>Quando si \u00e8 per strada e non \u00e8 disponibile un infrastruttura per la ricarica in modalit\u00e0 3, la modalit\u00e0 2 <strong>conforme a IEC 61851<\/strong> \u00e8 l\u2018alternativa pi\u00f9 sicura.<\/p>\n<p>La ricarica avviene tramite una comune presa domestica o industriale (spina a muro <strong>SCHUKO\u00ae<\/strong> o <strong>CEE<\/strong>), ma il cavo in modalit\u00e0 3 integra le funzioni di protezione e controllo nel <strong>Cable Control<\/strong> and <strong>Protecting Device<\/strong> (IC-CPD).<\/p>\n<p>Questo tipo di cavo unisce la praticit\u00e0 di un dispositivo mobile con un aumentato del livello di protezione (<strong>SPE-PRCD<\/strong>) attraverso un dispositivo di comunicazione con il veicolo (<strong>modulo PWM<\/strong>) oltre al dispositivo SPE-PRCD che controlla permanentemente la connessione del conduttore di terra ed il modulo PWM comunica la corrente massima di carica.<\/p>\n<p>In caso di <strong>anomalie<\/strong>, la ricarica viene interrotta cos\u00ec da proteggere veicolo e utilizzatore. I <strong>cavi Mennekes in modalit\u00e0 2<\/strong> superano i requisiti normativi offrendo funzioni aggiuntive, rendendo sicura e semplice la ricarica in modalit\u00e0 2.<\/p>\n","protected":false},"featured_media":40177,"template":"","meta":[],"product_brand":[],"product_cat":[2295,6527],"product_tag":[2337,2300],"class_list":{"0":"post-46788","1":"product","2":"type-product","3":"status-publish","4":"has-post-thumbnail","6":"product_cat-energy-mobility-en","7":"product_cat-mennekes-charging-cable-accessories","8":"product_tag-cable-mode","9":"product_tag-electric-mobility","11":"first","12":"instock","13":"shipping-taxable","14":"product-type-simple"},"yoast_head":"<!-- This site is optimized with the Yoast SEO plugin v26.7 - https:\/\/yoast.com\/wordpress\/plugins\/seo\/ -->\n<title>MENNEKES: charging connector mode 2 - VP Solar<\/title>\n<meta name=\"robots\" content=\"index, follow, max-snippet:-1, max-image-preview:large, max-video-preview:-1\" \/>\n<link rel=\"canonical\" href=\"https:\/\/www.vpsolar.com\/en\/product\/mennekes-cavo-ricarica-modalita-2\/\" \/>\n<meta property=\"og:locale\" content=\"en_US\" \/>\n<meta property=\"og:type\" content=\"article\" \/>\n<meta property=\"og:title\" content=\"MENNEKES: charging connector mode 2 - VP Solar\" \/>\n<meta property=\"og:description\" content=\"I veicoli elettrici vengono ricaricati normalmente in modalit\u00e0 3, poich\u00e9 questa \u00e8 la modalit\u00e0 di ricarica pi\u00f9 sicura.  Quando si \u00e8 per strada e non \u00e8 disponibile un infrastruttura per la ricarica in modalit\u00e0 3, la modalit\u00e0 2 conforme a IEC 61851 \u00e8 l\u2018alternativa pi\u00f9 sicura.  La ricarica avviene tramite una comune presa domestica o industriale (spina a muro SCHUKO\u00ae o CEE), ma il cavo in modalit\u00e0 3 integra le funzioni di protezione e controllo nel Cable Control and Protecting Device (IC-CPD).  Questo tipo di cavo unisce la praticit\u00e0 di un dispositivo mobile con un aumentato del livello di protezione (SPE-PRCD) attraverso un dispositivo di comunicazione con il veicolo (modulo PWM) oltre al dispositivo SPE-PRCD che controlla permanentemente la connessione del conduttore di terra ed il modulo PWM comunica la corrente massima di carica.  In caso di anomalie, la ricarica viene interrotta cos\u00ec da proteggere veicolo e utilizzatore. I cavi Mennekes in modalit\u00e0 2 superano i requisiti normativi offrendo funzioni aggiuntive, rendendo sicura e semplice la ricarica in modalit\u00e0 2.\" \/>\n<meta property=\"og:url\" content=\"https:\/\/www.vpsolar.com\/en\/product\/mennekes-cavo-ricarica-modalita-2\/\" \/>\n<meta property=\"og:site_name\" content=\"VP Solar\" \/>\n<meta property=\"article:publisher\" content=\"https:\/\/www.facebook.com\/vpsolar\" \/>\n<meta property=\"article:modified_time\" content=\"2020-01-13T07:56:58+00:00\" \/>\n<meta property=\"og:image\" content=\"https:\/\/www.vpsolar.com\/wp-content\/uploads\/2017\/03\/Menneke_Cavo_Modalita_2.jpg\" \/>\n\t<meta property=\"og:image:width\" content=\"600\" \/>\n\t<meta property=\"og:image:height\" content=\"600\" \/>\n\t<meta property=\"og:image:type\" content=\"image\/jpeg\" \/>\n<meta name=\"twitter:card\" content=\"summary_large_image\" \/>\n<meta name=\"twitter:label1\" content=\"Est. reading time\" \/>\n\t<meta name=\"twitter:data1\" content=\"1 minute\" \/>\n<script type=\"application\/ld+json\" class=\"yoast-schema-graph\">{\"@context\":\"https:\/\/schema.org\",\"@graph\":[{\"@type\":\"WebPage\",\"@id\":\"https:\/\/www.vpsolar.com\/en\/product\/mennekes-cavo-ricarica-modalita-2\/\",\"url\":\"https:\/\/www.vpsolar.com\/en\/product\/mennekes-cavo-ricarica-modalita-2\/\",\"name\":\"MENNEKES: charging connector mode 2 - VP Solar\",\"isPartOf\":{\"@id\":\"https:\/\/www.vpsolar.com\/en\/#website\"},\"primaryImageOfPage\":{\"@id\":\"https:\/\/www.vpsolar.com\/en\/product\/mennekes-cavo-ricarica-modalita-2\/#primaryimage\"},\"image\":{\"@id\":\"https:\/\/www.vpsolar.com\/en\/product\/mennekes-cavo-ricarica-modalita-2\/#primaryimage\"},\"thumbnailUrl\":\"https:\/\/www.vpsolar.com\/wp-content\/uploads\/2017\/03\/Menneke_Cavo_Modalita_2.jpg\",\"datePublished\":\"2017-03-31T09:37:13+00:00\",\"dateModified\":\"2020-01-13T07:56:58+00:00\",\"breadcrumb\":{\"@id\":\"https:\/\/www.vpsolar.com\/en\/product\/mennekes-cavo-ricarica-modalita-2\/#breadcrumb\"},\"inLanguage\":\"en-US\",\"potentialAction\":[{\"@type\":\"ReadAction\",\"target\":[\"https:\/\/www.vpsolar.com\/en\/product\/mennekes-cavo-ricarica-modalita-2\/\"]}]},{\"@type\":\"ImageObject\",\"inLanguage\":\"en-US\",\"@id\":\"https:\/\/www.vpsolar.com\/en\/product\/mennekes-cavo-ricarica-modalita-2\/#primaryimage\",\"url\":\"https:\/\/www.vpsolar.com\/wp-content\/uploads\/2017\/03\/Menneke_Cavo_Modalita_2.jpg\",\"contentUrl\":\"https:\/\/www.vpsolar.com\/wp-content\/uploads\/2017\/03\/Menneke_Cavo_Modalita_2.jpg\",\"width\":600,\"height\":600},{\"@type\":\"BreadcrumbList\",\"@id\":\"https:\/\/www.vpsolar.com\/en\/product\/mennekes-cavo-ricarica-modalita-2\/#breadcrumb\",\"itemListElement\":[{\"@type\":\"ListItem\",\"position\":1,\"name\":\"Home\",\"item\":\"https:\/\/www.vpsolar.com\/en\/\"},{\"@type\":\"ListItem\",\"position\":2,\"name\":\"Catalog\",\"item\":\"https:\/\/www.vpsolar.com\/en\/product-catalog\/\"},{\"@type\":\"ListItem\",\"position\":3,\"name\":\"MENNEKES: charging connector mode 2\"}]},{\"@type\":\"WebSite\",\"@id\":\"https:\/\/www.vpsolar.com\/en\/#website\",\"url\":\"https:\/\/www.vpsolar.com\/en\/\",\"name\":\"VP Solar\",\"description\":\"Professional Distribution\",\"publisher\":{\"@id\":\"https:\/\/www.vpsolar.com\/en\/#organization\"},\"potentialAction\":[{\"@type\":\"SearchAction\",\"target\":{\"@type\":\"EntryPoint\",\"urlTemplate\":\"https:\/\/www.vpsolar.com\/en\/?s={search_term_string}\"},\"query-input\":{\"@type\":\"PropertyValueSpecification\",\"valueRequired\":true,\"valueName\":\"search_term_string\"}}],\"inLanguage\":\"en-US\"},{\"@type\":\"Organization\",\"@id\":\"https:\/\/www.vpsolar.com\/en\/#organization\",\"name\":\"VP Solar Srl\",\"url\":\"https:\/\/www.vpsolar.com\/en\/\",\"logo\":{\"@type\":\"ImageObject\",\"inLanguage\":\"en-US\",\"@id\":\"https:\/\/www.vpsolar.com\/en\/#\/schema\/logo\/image\/\",\"url\":\"https:\/\/www.vpsolar.com\/wp-content\/uploads\/2021\/10\/VPSolar_Energy_Solution_provider.gif\",\"contentUrl\":\"https:\/\/www.vpsolar.com\/wp-content\/uploads\/2021\/10\/VPSolar_Energy_Solution_provider.gif\",\"width\":269,\"height\":51,\"caption\":\"VP Solar Srl\"},\"image\":{\"@id\":\"https:\/\/www.vpsolar.com\/en\/#\/schema\/logo\/image\/\"},\"sameAs\":[\"https:\/\/www.facebook.com\/vpsolar\",\"https:\/\/www.linkedin.com\/company\/vpsolar\",\"https:\/\/www.youtube.com\/user\/vpsolar\"]}]}<\/script>\n<!-- \/ Yoast SEO plugin. -->","yoast_head_json":{"title":"MENNEKES: charging connector mode 2 - VP Solar","robots":{"index":"index","follow":"follow","max-snippet":"max-snippet:-1","max-image-preview":"max-image-preview:large","max-video-preview":"max-video-preview:-1"},"canonical":"https:\/\/www.vpsolar.com\/en\/product\/mennekes-cavo-ricarica-modalita-2\/","og_locale":"en_US","og_type":"article","og_title":"MENNEKES: charging connector mode 2 - VP Solar","og_description":"I veicoli elettrici vengono ricaricati normalmente in modalit\u00e0 3, poich\u00e9 questa \u00e8 la modalit\u00e0 di ricarica pi\u00f9 sicura.  Quando si \u00e8 per strada e non \u00e8 disponibile un infrastruttura per la ricarica in modalit\u00e0 3, la modalit\u00e0 2 conforme a IEC 61851 \u00e8 l\u2018alternativa pi\u00f9 sicura.  La ricarica avviene tramite una comune presa domestica o industriale (spina a muro SCHUKO\u00ae o CEE), ma il cavo in modalit\u00e0 3 integra le funzioni di protezione e controllo nel Cable Control and Protecting Device (IC-CPD).  Questo tipo di cavo unisce la praticit\u00e0 di un dispositivo mobile con un aumentato del livello di protezione (SPE-PRCD) attraverso un dispositivo di comunicazione con il veicolo (modulo PWM) oltre al dispositivo SPE-PRCD che controlla permanentemente la connessione del conduttore di terra ed il modulo PWM comunica la corrente massima di carica.  In caso di anomalie, la ricarica viene interrotta cos\u00ec da proteggere veicolo e utilizzatore. I cavi Mennekes in modalit\u00e0 2 superano i requisiti normativi offrendo funzioni aggiuntive, rendendo sicura e semplice la ricarica in modalit\u00e0 2.","og_url":"https:\/\/www.vpsolar.com\/en\/product\/mennekes-cavo-ricarica-modalita-2\/","og_site_name":"VP Solar","article_publisher":"https:\/\/www.facebook.com\/vpsolar","article_modified_time":"2020-01-13T07:56:58+00:00","og_image":[{"width":600,"height":600,"url":"https:\/\/www.vpsolar.com\/wp-content\/uploads\/2017\/03\/Menneke_Cavo_Modalita_2.jpg","type":"image\/jpeg"}],"twitter_card":"summary_large_image","twitter_misc":{"Est. reading time":"1 minute"},"schema":{"@context":"https:\/\/schema.org","@graph":[{"@type":"WebPage","@id":"https:\/\/www.vpsolar.com\/en\/product\/mennekes-cavo-ricarica-modalita-2\/","url":"https:\/\/www.vpsolar.com\/en\/product\/mennekes-cavo-ricarica-modalita-2\/","name":"MENNEKES: charging connector mode 2 - VP Solar","isPartOf":{"@id":"https:\/\/www.vpsolar.com\/en\/#website"},"primaryImageOfPage":{"@id":"https:\/\/www.vpsolar.com\/en\/product\/mennekes-cavo-ricarica-modalita-2\/#primaryimage"},"image":{"@id":"https:\/\/www.vpsolar.com\/en\/product\/mennekes-cavo-ricarica-modalita-2\/#primaryimage"},"thumbnailUrl":"https:\/\/www.vpsolar.com\/wp-content\/uploads\/2017\/03\/Menneke_Cavo_Modalita_2.jpg","datePublished":"2017-03-31T09:37:13+00:00","dateModified":"2020-01-13T07:56:58+00:00","breadcrumb":{"@id":"https:\/\/www.vpsolar.com\/en\/product\/mennekes-cavo-ricarica-modalita-2\/#breadcrumb"},"inLanguage":"en-US","potentialAction":[{"@type":"ReadAction","target":["https:\/\/www.vpsolar.com\/en\/product\/mennekes-cavo-ricarica-modalita-2\/"]}]},{"@type":"ImageObject","inLanguage":"en-US","@id":"https:\/\/www.vpsolar.com\/en\/product\/mennekes-cavo-ricarica-modalita-2\/#primaryimage","url":"https:\/\/www.vpsolar.com\/wp-content\/uploads\/2017\/03\/Menneke_Cavo_Modalita_2.jpg","contentUrl":"https:\/\/www.vpsolar.com\/wp-content\/uploads\/2017\/03\/Menneke_Cavo_Modalita_2.jpg","width":600,"height":600},{"@type":"BreadcrumbList","@id":"https:\/\/www.vpsolar.com\/en\/product\/mennekes-cavo-ricarica-modalita-2\/#breadcrumb","itemListElement":[{"@type":"ListItem","position":1,"name":"Home","item":"https:\/\/www.vpsolar.com\/en\/"},{"@type":"ListItem","position":2,"name":"Catalog","item":"https:\/\/www.vpsolar.com\/en\/product-catalog\/"},{"@type":"ListItem","position":3,"name":"MENNEKES: charging connector mode 2"}]},{"@type":"WebSite","@id":"https:\/\/www.vpsolar.com\/en\/#website","url":"https:\/\/www.vpsolar.com\/en\/","name":"VP Solar","description":"Professional Distribution","publisher":{"@id":"https:\/\/www.vpsolar.com\/en\/#organization"},"potentialAction":[{"@type":"SearchAction","target":{"@type":"EntryPoint","urlTemplate":"https:\/\/www.vpsolar.com\/en\/?s={search_term_string}"},"query-input":{"@type":"PropertyValueSpecification","valueRequired":true,"valueName":"search_term_string"}}],"inLanguage":"en-US"},{"@type":"Organization","@id":"https:\/\/www.vpsolar.com\/en\/#organization","name":"VP Solar Srl","url":"https:\/\/www.vpsolar.com\/en\/","logo":{"@type":"ImageObject","inLanguage":"en-US","@id":"https:\/\/www.vpsolar.com\/en\/#\/schema\/logo\/image\/","url":"https:\/\/www.vpsolar.com\/wp-content\/uploads\/2021\/10\/VPSolar_Energy_Solution_provider.gif","contentUrl":"https:\/\/www.vpsolar.com\/wp-content\/uploads\/2021\/10\/VPSolar_Energy_Solution_provider.gif","width":269,"height":51,"caption":"VP Solar Srl"},"image":{"@id":"https:\/\/www.vpsolar.com\/en\/#\/schema\/logo\/image\/"},"sameAs":["https:\/\/www.facebook.com\/vpsolar","https:\/\/www.linkedin.com\/company\/vpsolar","https:\/\/www.youtube.com\/user\/vpsolar"]}]}},"publishpress_future_action":{"enabled":false,"date":"2026-05-04 08:33:49","action":"change-status","newStatus":"draft","terms":[],"taxonomy":"product_type","extraData":[]},"publishpress_future_workflow_manual_trigger":{"enabledWorkflows":[]},"_links":{"self":[{"href":"https:\/\/www.vpsolar.com\/en\/wp-json\/wp\/v2\/product\/46788","targetHints":{"allow":["GET"]}}],"collection":[{"href":"https:\/\/www.vpsolar.com\/en\/wp-json\/wp\/v2\/product"}],"about":[{"href":"https:\/\/www.vpsolar.com\/en\/wp-json\/wp\/v2\/types\/product"}],"wp:featuredmedia":[{"embeddable":true,"href":"https:\/\/www.vpsolar.com\/en\/wp-json\/wp\/v2\/media\/40177"}],"wp:attachment":[{"href":"https:\/\/www.vpsolar.com\/en\/wp-json\/wp\/v2\/media?parent=46788"}],"wp:term":[{"taxonomy":"product_brand","embeddable":true,"href":"https:\/\/www.vpsolar.com\/en\/wp-json\/wp\/v2\/product_brand?post=46788"},{"taxonomy":"product_cat","embeddable":true,"href":"https:\/\/www.vpsolar.com\/en\/wp-json\/wp\/v2\/product_cat?post=46788"},{"taxonomy":"product_tag","embeddable":true,"href":"https:\/\/www.vpsolar.com\/en\/wp-json\/wp\/v2\/product_tag?post=46788"}],"curies":[{"name":"wp","href":"https:\/\/api.w.org\/{rel}","templated":true}]}}