 
{"id":60705,"date":"2021-03-31T17:13:49","date_gmt":"2021-03-31T15:13:49","guid":{"rendered":"https:\/\/www.vpsolar.com\/?page_id=60705"},"modified":"2021-10-29T14:21:35","modified_gmt":"2021-10-29T12:21:35","slug":"valoramos-la-potencia-que-quieres","status":"publish","type":"page","link":"https:\/\/www.vpsolar.com\/en\/valoramos-la-potencia-que-quieres\/","title":{"rendered":"Valoramos la potencia que quieres"},"content":{"rendered":"<div class=\"wpb-content-wrapper\"><p>[vc_row][vc_column]\n\t\t\t<!-- START TSC REVOLUTION SLIDER 6.5.11 --><p class=\"rs-p-wp-fix\"><\/p>\n\t\t\t<rs-module-wrap id=\"rev_slider_14_1_wrapper\" data-source=\"gallery\" style=\"visibility:hidden;background:transparent;padding:0px;margin:0px auto;margin-top:0;margin-bottom:0;\">\n\t\t\t\t<rs-module id=\"rev_slider_14_1\" style=\"\" data-version=\"6.5.11\">\n\t\t\t\t\t<rs-slides>\n\t\t\t\t\t\t<rs-slide style=\"position: absolute;\" data-key=\"rs-324\" data-title=\"Slide\" data-anim=\"ms:1000;r:0;\" data-in=\"o:0;\" data-out=\"a:false;\">\n\t\t\t\t\t\t\t<img decoding=\"async\" src=\"\/\/www.vpsolar.com\/wp-content\/plugins\/revslider\/public\/assets\/assets\/dummy.png\" alt=\"Slide\" title=\"Valoramos la potencia que quieres\" class=\"rev-slidebg tp-rs-img rs-lazyload\" data-lazyload=\"\/\/www.vpsolar.com\/wp-content\/plugins\/revslider\/public\/assets\/assets\/transparent.png\" data-no-retina>\n<!--\n\t\t\t\t\t\t\t--><rs-layer\n\t\t\t\t\t\t\t\tid=\"slider-14-slide-324-layer-0\" \n\t\t\t\t\t\t\t\tdata-type=\"image\"\n\t\t\t\t\t\t\t\tdata-rsp_ch=\"on\"\n\t\t\t\t\t\t\t\tdata-xy=\"x:c;\"\n\t\t\t\t\t\t\t\tdata-text=\"w:normal;\"\n\t\t\t\t\t\t\t\tdata-dim=\"w:2004px;h:317px;\"\n\t\t\t\t\t\t\t\tdata-frame_999=\"o:0;st:w;\"\n\t\t\t\t\t\t\t\tstyle=\"z-index:8;\"\n\t\t\t\t\t\t\t><img loading=\"lazy\" decoding=\"async\" src=\"\/\/www.vpsolar.com\/wp-content\/plugins\/revslider\/public\/assets\/assets\/dummy.png\" class=\"tp-rs-img rs-lazyload\" width=\"2400\" height=\"380\" data-lazyload=\"\/\/www.vpsolar.com\/wp-content\/uploads\/2021\/10\/TSC-GoodWe-9-nov.jpg\" data-no-retina> \n\t\t\t\t\t\t\t<\/rs-layer><!--\n-->\t\t\t\t\t\t<\/rs-slide>\n\t\t\t\t\t<\/rs-slides>\n\t\t\t\t<\/rs-module>\n\t\t\t\t<script type=\"text\/javascript\">\n\t\t\t\t\tsetREVStartSize({c: 'rev_slider_14_1',rl:[1240,1024,778,480],el:[300],gw:[1240],gh:[300],type:'hero',justify:'',layout:'fullwidth',mh:\"0\"});if (window.RS_MODULES!==undefined && window.RS_MODULES.modules!==undefined && window.RS_MODULES.modules[\"revslider141\"]!==undefined) {window.RS_MODULES.modules[\"revslider141\"].once = false;window.revapi14 = undefined;if (window.RS_MODULES.checkMinimal!==undefined) window.RS_MODULES.checkMinimal()}\n\t\t\t\t<\/script>\n\t\t\t<\/rs-module-wrap>\n\t\t\t<!-- END REVOLUTION SLIDER -->\n[\/vc_column][\/vc_row][vc_row css=&#8221;.vc_custom_1617202084340{margin-top: 40px !important;}&#8221;][vc_column][vc_column_text]<\/p>\n<h1 style=\"text-align: center;\">Valoramos la potencia que quieres<\/h1>\n<p>[\/vc_column_text][vc_column_text]<\/p>\n<h2 style=\"text-align: center;\">Seminario Web junto con VP Solar y TSC<\/h2>\n<p>[\/vc_column_text][vc_column_text css=&#8221;.vc_custom_1635429487613{margin-top: 10px !important;margin-bottom: 10px !important;}&#8221;]<\/p>\n<h2 style=\"text-align: center;\"><strong>Martes 9 Noviembre, 16:00 CEST<\/strong><\/h2>\n<h4 style=\"text-align: center;\"><em>Webinar gratuito en espa\u00f1ol<\/em><\/h4>\n<p>[\/vc_column_text][vc_column_text css=&#8221;.vc_custom_1635510093437{margin-top: 20px !important;}&#8221;]<\/p>\n<h4 style=\"text-align: center;\"><strong>Programa y temas:<\/strong><\/h4>\n<p style=\"text-align: center;\">Empresa TSC, origen y gesti\u00f3n<br \/>\nTecnolog\u00eda en sus aspectos innovadores y posibles aplicaciones<br \/>\nLa garant\u00eda TSC al cliente<\/p>\n<p>[\/vc_column_text][vc_btn title=&#8221;\u00danete a nosotros&#8221; color=&#8221;orange&#8221; size=&#8221;lg&#8221; align=&#8221;center&#8221; i_icon_fontawesome=&#8221;far fa-calendar-alt&#8221; add_icon=&#8221;true&#8221; link=&#8221;url:https%3A%2F%2Fattendee.gotowebinar.com%2Fregister%2F1040915773267445008|target:_blank&#8221;][\/vc_column][\/vc_row][vc_row css=&#8221;.vc_custom_1617203508018{margin-top: 30px !important;}&#8221;][vc_column][vc_separator color=&#8221;green&#8221;][\/vc_column][\/vc_row][vc_row equal_height=&#8221;yes&#8221; content_placement=&#8221;top&#8221;][vc_column width=&#8221;1\/3&#8243;][vc_single_image image=&#8221;64864&#8243; img_size=&#8221;full&#8221; alignment=&#8221;center&#8221;][vc_column_text]<\/p>\n<h2>VP Solar<\/h2>\n<p>VP Solar desde <strong>1999<\/strong> es un <strong>distribuidor B2B especializado<\/strong> en sistemas energ\u00e9ticos como fotovoltaica, almacenamiento de energ\u00eda, sistemas de carga para veh\u00edculos el\u00e9ctricos y bombas de calor.<\/p>\n<p>Servimos a m\u00e1s de <strong>50 pa\u00edses de todo el mundo<\/strong> con entregas r\u00e1pidas y un gran stock de material.<\/p>\n<p>La propuesta de VP Solar es muy <strong>competitiva<\/strong> gracias a los importantes vol\u00famenes generados a nivel mundial por la empresa y las alianzas estrat\u00e9gicas con los principales fabricantes del mercado mundial.<\/p>\n<p>VP Solar ofrece <strong>soluciones integradas<\/strong> predise\u00f1adas listas para entregar con rendimiento garantizado<\/p>\n<p>El equipo de ingenier\u00eda ofrece un servicio pre y post venta de alto valor agregado para apoyar a las empresas de instalaci\u00f3n y reventa en cada fase comercial.[\/vc_column_text][vc_video link=&#8221;https:\/\/youtu.be\/QFQDlC1MquM&#8221; align=&#8221;center&#8221;][\/vc_column][vc_column width=&#8221;1\/3&#8243;][vc_single_image image=&#8221;64846&#8243; img_size=&#8221;full&#8221; alignment=&#8221;center&#8221;][vc_column_text]<\/p>\n<h2>GoodWe<\/h2>\n<p>GoodWe es un fabricante de inversores fotovoltaicos y soluciones de almacenamiento de energ\u00eda l\u00edder en el mundo y cotiza como sociedad an\u00f3nima en la Bolsa de Valores de Shanghai (C\u00f3digo de acciones: 688390).<\/p>\n<p>Con un suministro global de m\u00e1s de dos millones de inversores y un acumulado de 23 GW en m\u00e1s de 100 pa\u00edses, los inversores GoodWe se han utilizado en tejados residenciales y comerciales, sistemas industriales y de escala utility y van desde 0,7 kW a 250 kW.<\/p>\n<p>GoodWe tiene m\u00e1s de 3000 empleados ubicados en 20 pa\u00edses y es clasificado como el productor de inversores de almacenamiento n\u00famero 1 a nivel mundial por Wood Mackenzie en 2020.<\/p>\n<p>GoodWe tambi\u00e9n se ha clasificado como uno de los 10 principales proveedores de inversores por IHS Markit y ha logrado seis premios &#8220;All Quality Matters&#8221; consecutivos otorgados por T\u00dcV Rheinland.<\/p>\n<p>[\/vc_column_text][vc_video link=&#8221;https:\/\/youtu.be\/zBHNcuyEIuE&#8221; align=&#8221;center&#8221;][\/vc_column][vc_column width=&#8221;1\/3&#8243;][vc_single_image image=&#8221;60725&#8243; img_size=&#8221;full&#8221; alignment=&#8221;center&#8221;][vc_column_text]<\/p>\n<h2>Tecnolog\u00eda TSC y PowerX<\/h2>\n<p>TSC PowerHome es la <strong>divisi\u00f3n europea de www.solaria.com<\/strong>, un fabricante <strong>estadounidense<\/strong> de m\u00f3dulos fotovoltaicos.<\/p>\n<p>La empresa, fundada en 2000, goza de una reputaci\u00f3n internacional por el desarrollo de tecnolog\u00edas patentadas y exclusivas, fue uno de los primeros innovadores en el desarrollo de m\u00f3dulos con tecnolog\u00eda de shingled y cuenta con plantas de fabricaci\u00f3n ubicadas en todo el mundo.<\/p>\n<p>La difusi\u00f3n del producto se realiza en la UE a trav\u00e9s de distribuidores especializados en fotovoltaica. VP Solar es nuestro distribuidor europeo.<\/p>\n<p>Los m\u00f3dulos TSC son la soluci\u00f3n ideal para el mercado residencial y para sistemas industriales y comerciales.<\/p>\n<p>Los m\u00f3dulos fotovoltaicos TSC PowerXT cuentan con una garant\u00eda total de 25 a\u00f1os gracias a tecnolog\u00edas innovadoras y a los excelentes resultados obtenidos en diversas pruebas de estr\u00e9s.[\/vc_column_text][vc_video link=&#8221;https:\/\/youtu.be\/lzQ9wkDfLDM&#8221; align=&#8221;center&#8221;][\/vc_column][\/vc_row]<\/p>\n<\/div>","protected":false},"excerpt":{"rendered":"<p>[vc_row][vc_column][\/vc_column][\/vc_row][vc_row css=&#8221;.vc_custom_1617202084340{margin-top: 40px !important;}&#8221;][vc_column][vc_column_text] Valoramos la potencia que quieres [\/vc_column_text][vc_column_text] Seminario Web junto con VP Solar y TSC [\/vc_column_text][vc_column_text css=&#8221;.vc_custom_1635429487613{margin-top: 10px !important;margin-bottom: 10px !important;}&#8221;] Martes 9 Noviembre, 16:00 CEST Webinar<\/p>\n","protected":false},"author":1,"featured_media":0,"parent":0,"menu_order":0,"comment_status":"closed","ping_status":"closed","template":"","meta":{"footnotes":""},"class_list":["post-60705","page","type-page","status-publish","hentry"],"yoast_head":"<!-- This site is optimized with the Yoast SEO plugin v26.7 - https:\/\/yoast.com\/wordpress\/plugins\/seo\/ -->\n<title>Valoramos la potencia que quieres<\/title>\n<meta name=\"description\" content=\"Webinar m\u00f3dulos fotovoltaicos innovadores de TSC Power Home y los inversores GoodWe\" \/>\n<meta name=\"robots\" content=\"index, follow, max-snippet:-1, max-image-preview:large, max-video-preview:-1\" \/>\n<link rel=\"canonical\" href=\"https:\/\/www.vpsolar.com\/en\/valoramos-la-potencia-que-quieres\/\" \/>\n<meta property=\"og:locale\" content=\"en_US\" \/>\n<meta property=\"og:type\" content=\"article\" \/>\n<meta property=\"og:title\" content=\"Valoramos la potencia que quieres\" \/>\n<meta property=\"og:description\" content=\"Webinar m\u00f3dulos fotovoltaicos innovadores de TSC Power Home y los inversores GoodWe\" \/>\n<meta property=\"og:url\" content=\"https:\/\/www.vpsolar.com\/en\/valoramos-la-potencia-que-quieres\/\" \/>\n<meta property=\"og:site_name\" content=\"VP Solar\" \/>\n<meta property=\"article:publisher\" content=\"https:\/\/www.facebook.com\/vpsolar\" \/>\n<meta property=\"article:modified_time\" content=\"2021-10-29T12:21:35+00:00\" \/>\n<meta property=\"og:image\" content=\"https:\/\/www.vpsolar.com\/wp-content\/uploads\/2018\/09\/img_facebook-base.png\" \/>\n\t<meta property=\"og:image:width\" content=\"1200\" \/>\n\t<meta property=\"og:image:height\" content=\"628\" \/>\n\t<meta property=\"og:image:type\" content=\"image\/png\" \/>\n<meta name=\"twitter:card\" content=\"summary_large_image\" \/>\n<meta name=\"twitter:label1\" content=\"Est. reading time\" \/>\n\t<meta name=\"twitter:data1\" content=\"3 minutes\" \/>\n<script type=\"application\/ld+json\" class=\"yoast-schema-graph\">{\"@context\":\"https:\/\/schema.org\",\"@graph\":[{\"@type\":\"WebPage\",\"@id\":\"https:\/\/www.vpsolar.com\/en\/valoramos-la-potencia-que-quieres\/\",\"url\":\"https:\/\/www.vpsolar.com\/en\/valoramos-la-potencia-que-quieres\/\",\"name\":\"Valoramos la potencia que quieres\",\"isPartOf\":{\"@id\":\"https:\/\/www.vpsolar.com\/en\/#website\"},\"datePublished\":\"2021-03-31T15:13:49+00:00\",\"dateModified\":\"2021-10-29T12:21:35+00:00\",\"description\":\"Webinar m\u00f3dulos fotovoltaicos innovadores de TSC Power Home y los inversores GoodWe\",\"breadcrumb\":{\"@id\":\"https:\/\/www.vpsolar.com\/en\/valoramos-la-potencia-que-quieres\/#breadcrumb\"},\"inLanguage\":\"en-US\",\"potentialAction\":[{\"@type\":\"ReadAction\",\"target\":[\"https:\/\/www.vpsolar.com\/en\/valoramos-la-potencia-que-quieres\/\"]}]},{\"@type\":\"BreadcrumbList\",\"@id\":\"https:\/\/www.vpsolar.com\/en\/valoramos-la-potencia-que-quieres\/#breadcrumb\",\"itemListElement\":[{\"@type\":\"ListItem\",\"position\":1,\"name\":\"Home\",\"item\":\"https:\/\/www.vpsolar.com\/en\/\"},{\"@type\":\"ListItem\",\"position\":2,\"name\":\"Valoramos la potencia que quieres\"}]},{\"@type\":\"WebSite\",\"@id\":\"https:\/\/www.vpsolar.com\/en\/#website\",\"url\":\"https:\/\/www.vpsolar.com\/en\/\",\"name\":\"VP Solar\",\"description\":\"Professional Distribution\",\"publisher\":{\"@id\":\"https:\/\/www.vpsolar.com\/en\/#organization\"},\"potentialAction\":[{\"@type\":\"SearchAction\",\"target\":{\"@type\":\"EntryPoint\",\"urlTemplate\":\"https:\/\/www.vpsolar.com\/en\/?s={search_term_string}\"},\"query-input\":{\"@type\":\"PropertyValueSpecification\",\"valueRequired\":true,\"valueName\":\"search_term_string\"}}],\"inLanguage\":\"en-US\"},{\"@type\":\"Organization\",\"@id\":\"https:\/\/www.vpsolar.com\/en\/#organization\",\"name\":\"VP Solar Srl\",\"url\":\"https:\/\/www.vpsolar.com\/en\/\",\"logo\":{\"@type\":\"ImageObject\",\"inLanguage\":\"en-US\",\"@id\":\"https:\/\/www.vpsolar.com\/en\/#\/schema\/logo\/image\/\",\"url\":\"https:\/\/www.vpsolar.com\/wp-content\/uploads\/2021\/10\/VPSolar_Energy_Solution_provider.gif\",\"contentUrl\":\"https:\/\/www.vpsolar.com\/wp-content\/uploads\/2021\/10\/VPSolar_Energy_Solution_provider.gif\",\"width\":269,\"height\":51,\"caption\":\"VP Solar Srl\"},\"image\":{\"@id\":\"https:\/\/www.vpsolar.com\/en\/#\/schema\/logo\/image\/\"},\"sameAs\":[\"https:\/\/www.facebook.com\/vpsolar\",\"https:\/\/www.linkedin.com\/company\/vpsolar\",\"https:\/\/www.youtube.com\/user\/vpsolar\"]}]}<\/script>\n<!-- \/ Yoast SEO plugin. -->","yoast_head_json":{"title":"Valoramos la potencia que quieres","description":"Webinar m\u00f3dulos fotovoltaicos innovadores de TSC Power Home y los inversores GoodWe","robots":{"index":"index","follow":"follow","max-snippet":"max-snippet:-1","max-image-preview":"max-image-preview:large","max-video-preview":"max-video-preview:-1"},"canonical":"https:\/\/www.vpsolar.com\/en\/valoramos-la-potencia-que-quieres\/","og_locale":"en_US","og_type":"article","og_title":"Valoramos la potencia que quieres","og_description":"Webinar m\u00f3dulos fotovoltaicos innovadores de TSC Power Home y los inversores GoodWe","og_url":"https:\/\/www.vpsolar.com\/en\/valoramos-la-potencia-que-quieres\/","og_site_name":"VP Solar","article_publisher":"https:\/\/www.facebook.com\/vpsolar","article_modified_time":"2021-10-29T12:21:35+00:00","og_image":[{"width":1200,"height":628,"url":"https:\/\/www.vpsolar.com\/wp-content\/uploads\/2018\/09\/img_facebook-base.png","type":"image\/png"}],"twitter_card":"summary_large_image","twitter_misc":{"Est. reading time":"3 minutes"},"schema":{"@context":"https:\/\/schema.org","@graph":[{"@type":"WebPage","@id":"https:\/\/www.vpsolar.com\/en\/valoramos-la-potencia-que-quieres\/","url":"https:\/\/www.vpsolar.com\/en\/valoramos-la-potencia-que-quieres\/","name":"Valoramos la potencia que quieres","isPartOf":{"@id":"https:\/\/www.vpsolar.com\/en\/#website"},"datePublished":"2021-03-31T15:13:49+00:00","dateModified":"2021-10-29T12:21:35+00:00","description":"Webinar m\u00f3dulos fotovoltaicos innovadores de TSC Power Home y los inversores GoodWe","breadcrumb":{"@id":"https:\/\/www.vpsolar.com\/en\/valoramos-la-potencia-que-quieres\/#breadcrumb"},"inLanguage":"en-US","potentialAction":[{"@type":"ReadAction","target":["https:\/\/www.vpsolar.com\/en\/valoramos-la-potencia-que-quieres\/"]}]},{"@type":"BreadcrumbList","@id":"https:\/\/www.vpsolar.com\/en\/valoramos-la-potencia-que-quieres\/#breadcrumb","itemListElement":[{"@type":"ListItem","position":1,"name":"Home","item":"https:\/\/www.vpsolar.com\/en\/"},{"@type":"ListItem","position":2,"name":"Valoramos la potencia que quieres"}]},{"@type":"WebSite","@id":"https:\/\/www.vpsolar.com\/en\/#website","url":"https:\/\/www.vpsolar.com\/en\/","name":"VP Solar","description":"Professional Distribution","publisher":{"@id":"https:\/\/www.vpsolar.com\/en\/#organization"},"potentialAction":[{"@type":"SearchAction","target":{"@type":"EntryPoint","urlTemplate":"https:\/\/www.vpsolar.com\/en\/?s={search_term_string}"},"query-input":{"@type":"PropertyValueSpecification","valueRequired":true,"valueName":"search_term_string"}}],"inLanguage":"en-US"},{"@type":"Organization","@id":"https:\/\/www.vpsolar.com\/en\/#organization","name":"VP Solar Srl","url":"https:\/\/www.vpsolar.com\/en\/","logo":{"@type":"ImageObject","inLanguage":"en-US","@id":"https:\/\/www.vpsolar.com\/en\/#\/schema\/logo\/image\/","url":"https:\/\/www.vpsolar.com\/wp-content\/uploads\/2021\/10\/VPSolar_Energy_Solution_provider.gif","contentUrl":"https:\/\/www.vpsolar.com\/wp-content\/uploads\/2021\/10\/VPSolar_Energy_Solution_provider.gif","width":269,"height":51,"caption":"VP Solar Srl"},"image":{"@id":"https:\/\/www.vpsolar.com\/en\/#\/schema\/logo\/image\/"},"sameAs":["https:\/\/www.facebook.com\/vpsolar","https:\/\/www.linkedin.com\/company\/vpsolar","https:\/\/www.youtube.com\/user\/vpsolar"]}]}},"publishpress_future_workflow_manual_trigger":{"enabledWorkflows":[]},"_links":{"self":[{"href":"https:\/\/www.vpsolar.com\/en\/wp-json\/wp\/v2\/pages\/60705","targetHints":{"allow":["GET"]}}],"collection":[{"href":"https:\/\/www.vpsolar.com\/en\/wp-json\/wp\/v2\/pages"}],"about":[{"href":"https:\/\/www.vpsolar.com\/en\/wp-json\/wp\/v2\/types\/page"}],"author":[{"embeddable":true,"href":"https:\/\/www.vpsolar.com\/en\/wp-json\/wp\/v2\/users\/1"}],"replies":[{"embeddable":true,"href":"https:\/\/www.vpsolar.com\/en\/wp-json\/wp\/v2\/comments?post=60705"}],"version-history":[{"count":49,"href":"https:\/\/www.vpsolar.com\/en\/wp-json\/wp\/v2\/pages\/60705\/revisions"}],"predecessor-version":[{"id":64901,"href":"https:\/\/www.vpsolar.com\/en\/wp-json\/wp\/v2\/pages\/60705\/revisions\/64901"}],"wp:attachment":[{"href":"https:\/\/www.vpsolar.com\/en\/wp-json\/wp\/v2\/media?parent=60705"}],"curies":[{"name":"wp","href":"https:\/\/api.w.org\/{rel}","templated":true}]}}